{"id":77,"date":"2023-05-20T04:05:17","date_gmt":"2023-05-20T04:05:17","guid":{"rendered":"https:\/\/unitedlove.markokisa.com\/?page_id=77"},"modified":"2026-01-18T12:49:40","modified_gmt":"2026-01-18T12:49:40","slug":"about","status":"publish","type":"page","link":"https:\/\/unitedlove.net\/fr\/about\/","title":{"rendered":"\u00c0 propos"},"content":{"rendered":"<p>[et_pb_section fb_built=&#8221;1&#8243; next_background_color=&#8221;#ffffff&#8221; admin_label=&#8221;Header&#8221; _builder_version=&#8221;4.27.3&#8243; _module_preset=&#8221;default&#8221; background_enable_color=&#8221;off&#8221; background_image=&#8221;https:\/\/unitedlove.net\/wp-content\/uploads\/2024\/07\/PXL_20240315_081145797-scaled.jpg&#8221; background_position=&#8221;bottom_center&#8221; background_vertical_offset=&#8221;24%&#8221; custom_margin=&#8221;||53px|||&#8221; custom_padding=&#8221;||144px|||&#8221; bottom_divider_style=&#8221;curve&#8221; bottom_divider_height=&#8221;64px&#8221; global_colors_info=&#8221;{%22gcid-3fe45872-2bb0-4e31-a057-f312dfb5c28e%22:%91%22background_color%22%93}&#8221;][et_pb_row _builder_version=&#8221;4.16&#8243; _module_preset=&#8221;default&#8221; global_colors_info=&#8221;{}&#8221;][et_pb_column type=&#8221;4_4&#8243; _builder_version=&#8221;4.16&#8243; _module_preset=&#8221;default&#8221; global_colors_info=&#8221;{}&#8221;][et_pb_text _builder_version=&#8221;4.27.3&#8243; _module_preset=&#8221;default&#8221; header_font=&#8221;Amethysta||||||||&#8221; header_text_color=&#8221;#FFFFFF&#8221; header_font_size=&#8221;59px&#8221; header_letter_spacing=&#8221;2px&#8221; header_line_height=&#8221;1.7em&#8221; hover_enabled=&#8221;0&#8243; global_colors_info=&#8221;{}&#8221; sticky_enabled=&#8221;0&#8243;]<\/p>\n<h1 style=\"text-align: center;\">Mon Histoire<\/h1>\n<p>[\/et_pb_text][\/et_pb_column][\/et_pb_row][\/et_pb_section][et_pb_section fb_built=&#8221;1&#8243; _builder_version=&#8221;4.27.3&#8243; _module_preset=&#8221;default&#8221; global_colors_info=&#8221;{}&#8221;][et_pb_row _builder_version=&#8221;4.27.3&#8243; _module_preset=&#8221;default&#8221; global_colors_info=&#8221;{}&#8221;][et_pb_column type=&#8221;4_4&#8243; _builder_version=&#8221;4.27.3&#8243; _module_preset=&#8221;default&#8221; global_colors_info=&#8221;{}&#8221;][et_pb_text _builder_version=&#8221;4.27.3&#8243; _module_preset=&#8221;default&#8221; text_font=&#8221;Crimson Text|700|||||||&#8221; text_text_color=&#8221;gcid-7c5f6692-be4b-4532-aefe-9cf707ace023&#8243; text_font_size=&#8221;20px&#8221; text_letter_spacing=&#8221;1px&#8221; text_line_height=&#8221;1.5em&#8221; text_orientation=&#8221;center&#8221; global_colors_info=&#8221;{%22gcid-7c5f6692-be4b-4532-aefe-9cf707ace023%22:%91%22text_text_color%22%93}&#8221;]<\/p>\n<p><span style=\"font-size: x-large;\">Comprendre<\/span> le monde, avoir une raison d\u2019\u00eatre, se sentir inclus\u2026 Ces quelques sujets et bien d\u2019autres ont travers\u00e9 mon existence depuis mon adolescence.<br \/>Pendant longtemps, je me suis senti comme un astronaute dans l\u2019espace, comme un \u00e9tranger sur Terre, sans rep\u00e8res.<br \/>Extr\u00eamement sensitif depuis mon plus jeune \u00e2ge, j\u2019ai voulu mettre du sens sur ce que je percevais et que je ne comprenais pas : toutes ces in\u00e9galit\u00e9s, les incoh\u00e9rences, \u2018la folie humaine\u2019.<br \/>Je me suis d\u00e9battu avec moi-m\u00eame, je me suis demand\u00e9 si j\u2019avais une bonne raison d\u2019\u00eatre l\u00e0. Pendant toutes ces ann\u00e9es j\u2019ai cherch\u00e9 le sens, un sens qui me permettrait de vivre, tout simplement.<\/p>\n<p style=\"text-align: center;\">Ce chemin, parfois \u00e9prouvant, m\u2019a peu \u00e0 peu appris \u00e0 tenir un espace o\u00f9 il n\u2019est plus n\u00e9cessaire de se justifier, de se conformer ou de se durcir pour avoir le droit d\u2019exister.<\/p>\n<p style=\"text-align: center;\">Sur ce parcours, j\u2019ai eu la chance de rencontrer tr\u00e8s jeune une chamane qui a \u00e9t\u00e9 un rep\u00e8re profond, un soutien, un guide pour moi.<br \/>Elle m\u2019a subtilement montr\u00e9 que je n\u2019avais pas besoin d\u2019\u00eatre quelqu\u2019un d\u2019autre\u2026 Que de vouloir \u00eatre autre chose que soi-m\u00eame signifiait qu\u2019une part en nous n\u2019\u00e9tait pas \u00e9cout\u00e9e, entendue, aim\u00e9e\u2026 J\u2019ai ainsi travers\u00e9, incarn\u00e9 et int\u00e9gr\u00e9 du mieux que je le pouvais cet \u00e9tat d\u2019\u00eatre en lien avec la vie et c\u2019est aujourd\u2019hui depuis cet espace-l\u00e0 que j\u2019accompagne.<\/p>\n<p style=\"text-align: center;\">\u00catre entendu, sans \u00eatre jug\u00e9 ou stigmatis\u00e9, sans qu\u2019il n\u2019y ait m\u00eame rien \u00e0 \u00e9tiqueter, c\u2019est l\u00e0 o\u00f9 je vous invite. Dans un espace o\u00f9 vous \u00eates vu, entendu et aim\u00e9\u2026 pour ce que vous \u00eates.<br \/>J\u2019ai appris \u00e9norm\u00e9ment de choses aupr\u00e8s de cette chamane et d\u2019autres enseignants qui m\u2019ont soutenus lorsque j\u2019en avais besoin. J\u2019ai appris beaucoup de choses\u2026 Mais vous savez, ce qu\u2019il reste finalement n\u2019est pas un savoir mais un espace, cet espace qui m\u2019a profond\u00e9ment \u00e9branl\u00e9 adolescent, un espace que je souhaite vous offrir aujourd\u2019hui, afin que vous soyez vu, entendu, aim\u00e9 et que VOUS vous reconnaissiez pour qui et ce que vous \u00eates, sans lunettes, sans jugements, juste pour la beaut\u00e9, la bont\u00e9 et la v\u00e9rit\u00e9 d\u2019un regard empli d\u2019amour, de vous \u00e0 vous-m\u2019aime.<\/p>\n<p style=\"text-align: center;\">Si quelque chose en vous r\u00e9sonne ici, alors laissez-vous respirer, tout simplement.<\/p>\n<p style=\"text-align: center;\">Merci d\u2019\u00eatre vous.<br \/>Guillaume<\/p>\n<p>[\/et_pb_text][\/et_pb_column][\/et_pb_row][\/et_pb_section][et_pb_section fb_built=&#8221;1&#8243; specialty=&#8221;on&#8221; padding_top_2=&#8221;120px&#8221; padding_top_bottom_link_1=&#8221;false&#8221; padding_top_bottom_link_2=&#8221;false&#8221; padding_left_right_link_1=&#8221;false&#8221; padding_left_right_link_2=&#8221;false&#8221; admin_label=&#8221;About&#8221; _builder_version=&#8221;4.16&#8243; _module_preset=&#8221;default&#8221; custom_padding=&#8221;0px|0px||||&#8221; global_colors_info=&#8221;{}&#8221;][et_pb_column type=&#8221;1_2&#8243; specialty_columns=&#8221;2&#8243; _builder_version=&#8221;4.16&#8243; custom_padding=&#8221;|||&#8221; global_colors_info=&#8221;{}&#8221; custom_padding__hover=&#8221;|||&#8221;][et_pb_row_inner _builder_version=&#8221;4.16&#8243; _module_preset=&#8221;default&#8221; custom_padding=&#8221;0px|||||&#8221; global_colors_info=&#8221;{}&#8221;][et_pb_column_inner saved_specialty_column_type=&#8221;1_2&#8243; _builder_version=&#8221;4.16&#8243; _module_preset=&#8221;default&#8221; global_colors_info=&#8221;{}&#8221;][et_pb_image src=&#8221;https:\/\/unitedlove.net\/wp-content\/uploads\/2024\/11\/462563683_426832020522739_7965936241581693152_n.png&#8221; title_text=&#8221;462563683_426832020522739_7965936241581693152_n&#8221; _builder_version=&#8221;4.27.3&#8243; _module_preset=&#8221;default&#8221; positioning=&#8221;absolute&#8221; position_origin_a_tablet=&#8221;&#8221; position_origin_a_phone=&#8221;&#8221; position_origin_a_last_edited=&#8221;on|tablet&#8221; position_origin_f_tablet=&#8221;&#8221; position_origin_f_phone=&#8221;&#8221; position_origin_f_last_edited=&#8221;on|tablet&#8221; position_origin_r_tablet=&#8221;&#8221; position_origin_r_phone=&#8221;&#8221; position_origin_r_last_edited=&#8221;on|tablet&#8221; max_height_tablet=&#8221;400px&#8221; max_height_phone=&#8221;&#8221; max_height_last_edited=&#8221;on|tablet&#8221; custom_margin=&#8221;|||-30%|false|false&#8221; custom_margin_tablet=&#8221;|||0%|false|false&#8221; custom_margin_phone=&#8221;&#8221; custom_margin_last_edited=&#8221;on|tablet&#8221; custom_padding=&#8221;||||false|false&#8221; positioning_tablet=&#8221;relative&#8221; positioning_phone=&#8221;&#8221; positioning_last_edited=&#8221;on|tablet&#8221; locked=&#8221;off&#8221; global_colors_info=&#8221;{}&#8221;][\/et_pb_image][\/et_pb_column_inner][\/et_pb_row_inner][et_pb_row_inner custom_padding_last_edited=&#8221;on|tablet&#8221; _builder_version=&#8221;4.27.3&#8243; _module_preset=&#8221;default&#8221; background_color=&#8221;gcid-7c5f6692-be4b-4532-aefe-9cf707ace023&#8243; z_index=&#8221;9&#8243; width_tablet=&#8221;&#8221; width_phone=&#8221;100%&#8221; width_last_edited=&#8221;on|phone&#8221; max_width_tablet=&#8221;&#8221; max_width_phone=&#8221;100%&#8221; max_width_last_edited=&#8221;on|phone&#8221; custom_margin=&#8221;200px|||||&#8221; custom_margin_tablet=&#8221;0px||||false|false&#8221; custom_margin_phone=&#8221;|0px||0px|false|false&#8221; custom_margin_last_edited=&#8221;on|tablet&#8221; custom_padding=&#8221;80px|60px|80px|60px|true|true&#8221; custom_padding_tablet=&#8221;40px|30px|40px|30px|true|true&#8221; custom_padding_phone=&#8221;|20px||20px|true|true&#8221; border_radii=&#8221;on|20px|20px|20px|20px&#8221; global_colors_info=&#8221;{%22gcid-7c5f6692-be4b-4532-aefe-9cf707ace023%22:%91%22background_color%22%93}&#8221;][et_pb_column_inner saved_specialty_column_type=&#8221;1_2&#8243; _builder_version=&#8221;4.16&#8243; _module_preset=&#8221;default&#8221; global_colors_info=&#8221;{}&#8221;][et_pb_text _builder_version=&#8221;4.27.3&#8243; _module_preset=&#8221;default&#8221; header_2_font=&#8221;Philosopher|700|||||||&#8221; header_2_text_align=&#8221;left&#8221; header_2_font_size=&#8221;54px&#8221; header_3_font=&#8221;Kaushan Script||on||||||&#8221; header_3_text_color=&#8221;#474747&#8243; header_3_font_size=&#8221;37px&#8221; header_3_line_height=&#8221;1.3em&#8221; background_layout=&#8221;dark&#8221; header_2_font_size_tablet=&#8221;34px&#8221; header_2_font_size_phone=&#8221;28px&#8221; header_2_font_size_last_edited=&#8221;on|tablet&#8221; locked=&#8221;off&#8221; global_colors_info=&#8221;{}&#8221;]<\/p>\n<h3>Mon exp\u00e9rience<\/h3>\n<p>&nbsp;<\/p>\n<p>[\/et_pb_text][et_pb_text _builder_version=&#8221;4.27.3&#8243; _module_preset=&#8221;default&#8221; text_font=&#8221;Crimson Pro|700|||||||&#8221; text_text_color=&#8221;#FFFFFF&#8221; text_font_size=&#8221;20px&#8221; text_letter_spacing=&#8221;1px&#8221; text_line_height=&#8221;1.6em&#8221; global_colors_info=&#8221;{}&#8221;]<\/p>\n<p>Mon chemin s\u2019est v\u00e9ritablement construit \u00e0 partir de mes exp\u00e9riences, des rencontres et des compr\u00e9hensions v\u00e9cues.<br \/>Il s\u2019est nourri d\u2019une exploration int\u00e9rieure pendant des ann\u00e9es, centr\u00e9 sur le ressenti, la conscience de l\u2019\u00e9nergie et l\u2019\u00e9coute intuitive.<br \/>Aujourd\u2019hui, j\u2019accompagne depuis cet espace int\u00e9gr\u00e9, soutenu par :<\/p>\n<p>un engagement personnel profond, initi\u00e9 d\u00e8s l\u2019adolescence,<\/p>\n<p>Sept ann\u00e9es d\u2019accompagnement aupr\u00e8s d\u2019un chamane,<\/p>\n<p>Plusieurs ann\u00e9es d\u2019enseignements et de formations dans des approches \u00e9nerg\u00e9tiques, sensibles et intuitives,<\/p>\n<p>Une pratique d\u2019accompagnement \u00e0 travers des s\u00e9ances individuelles, des ateliers de groupe et des concerts m\u00e9ditatifs.<\/p>\n<p><em>Ces rep\u00e8res ne d\u00e9finissent pas ce que je propose.<\/em><br \/><em>Ils soutiennent simplement l\u2019espace depuis lequel j\u2019accompagne.<\/em><\/p>\n<p>[\/et_pb_text][\/et_pb_column_inner][\/et_pb_row_inner][\/et_pb_column][et_pb_column type=&#8221;1_2&#8243; _builder_version=&#8221;4.16&#8243; custom_padding=&#8221;|||&#8221; global_colors_info=&#8221;{}&#8221; custom_padding__hover=&#8221;|||&#8221;][et_pb_image src=&#8221;https:\/\/unitedlove.net\/wp-content\/uploads\/2024\/10\/IMG_5074-scaled.jpg&#8221; title_text=&#8221;IMG_5074&#8243; _builder_version=&#8221;4.27.3&#8243; _module_preset=&#8221;default&#8221; border_radii=&#8221;on|30px|30px|30px|30px&#8221; global_colors_info=&#8221;{}&#8221;][\/et_pb_image][\/et_pb_column][\/et_pb_section][et_pb_section fb_built=&#8221;1&#8243; admin_label=&#8221;Services&#8221; _builder_version=&#8221;4.16&#8243; _module_preset=&#8221;default&#8221; custom_padding=&#8221;||8px|||&#8221; global_module=&#8221;239&#8243; saved_tabs=&#8221;all&#8221; locked=&#8221;off&#8221; global_colors_info=&#8221;{}&#8221;][et_pb_row column_structure=&#8221;1_2,1_2&#8243; _builder_version=&#8221;4.27.3&#8243; _module_preset=&#8221;default&#8221; global_colors_info=&#8221;{}&#8221;][et_pb_column type=&#8221;1_2&#8243; _builder_version=&#8221;4.27.3&#8243; _module_preset=&#8221;default&#8221; background_color=&#8221;gcid-91b84530-362a-4e6b-b888-6caed27a798d&#8221; custom_padding_tablet=&#8221;60px|0px|60px|0px|true|true&#8221; custom_padding_last_edited=&#8221;off|desktop&#8221; border_radii=&#8221;on|20px|20px|20px|20px&#8221; global_colors_info=&#8221;{%22gcid-91b84530-362a-4e6b-b888-6caed27a798d%22:%91%22background_color%22%93}&#8221;][et_pb_image src=&#8221;https:\/\/unitedlove.markokisa.com\/wp-content\/uploads\/2023\/05\/astrologist-illustrations-17.png&#8221; title_text=&#8221;astrologist-illustrations-17&#8243; align=&#8221;center&#8221; _builder_version=&#8221;4.21.0&#8243; _module_preset=&#8221;default&#8221; max_width=&#8221;285px&#8221; module_alignment=&#8221;center&#8221; custom_margin=&#8221;20px||||false|false&#8221; custom_padding=&#8221;20px||||false|false&#8221; global_colors_info=&#8221;{}&#8221;][\/et_pb_image][et_pb_text _builder_version=&#8221;4.27.3&#8243; _module_preset=&#8221;default&#8221; header_3_font=&#8221;Philosopher|700|||||||&#8221; header_3_text_align=&#8221;center&#8221; header_3_text_color=&#8221;#FFFFFF&#8221; header_3_font_size=&#8221;36px&#8221; header_4_font=&#8221;Kaushan Script||||||||&#8221; header_4_text_align=&#8221;center&#8221; header_4_text_color=&#8221;#fe7f5c&#8221; header_4_line_height=&#8221;1.8em&#8221; header_3_font_size_tablet=&#8221;28px&#8221; header_3_font_size_phone=&#8221;&#8221; header_3_font_size_last_edited=&#8221;on|tablet&#8221; locked=&#8221;off&#8221; global_colors_info=&#8221;{}&#8221;]<\/p>\n<h4>S'ouvrir \u00e0 l'infini<\/h4>\n<h3><span style=\"color: #000000;\">Podcast<\/span><\/h3>\n<p>[\/et_pb_text][et_pb_text _builder_version=&#8221;4.27.3&#8243; _module_preset=&#8221;default&#8221; text_font=&#8221;Montserrat||||||||&#8221; text_text_color=&#8221;#B3B3B3&#8243; text_font_size=&#8221;16px&#8221; text_line_height=&#8221;1.8em&#8221; text_orientation=&#8221;center&#8221; width=&#8221;77%&#8221; max_width=&#8221;100%&#8221; module_alignment=&#8221;center&#8221; text_font_size_tablet=&#8221;15px&#8221; text_font_size_phone=&#8221;14px&#8221; text_font_size_last_edited=&#8221;on|phone&#8221; locked=&#8221;off&#8221; global_colors_info=&#8221;{}&#8221;]<\/p>\n<p>Regarde et rejoins la communaut\u00e9 UnitedLove en \u00e9coutant les diff\u00e9rents podcasts pour ouvrir les possibles et retrouver du sens \u00e0 l'existence.<\/p>\n<p>[\/et_pb_text][et_pb_button button_url=&#8221;@ET-DC@eyJkeW5hbWljIjp0cnVlLCJjb250ZW50IjoicG9zdF9saW5rX3VybF9wYWdlIiwic2V0dGluZ3MiOnsicG9zdF9pZCI6IjY4MSJ9fQ==@&#8221; button_text=&#8221;View more&#8221; button_alignment=&#8221;center&#8221; button_alignment_tablet=&#8221;center&#8221; button_alignment_last_edited=&#8221;off|desktop&#8221; _builder_version=&#8221;4.21.0&#8243; _dynamic_attributes=&#8221;button_url&#8221; _module_preset=&#8221;default&#8221; button_icon=&#8221;&#x24;||divi||400&#8243; button_on_hover=&#8221;off&#8221; custom_margin=&#8221;19px||40px||false|false&#8221; custom_margin_last_edited=&#8221;off|phone&#8221; custom_padding=&#8221;15px|30px|15px|30px|true|true&#8221; locked=&#8221;off&#8221; global_colors_info=&#8221;{}&#8221;][\/et_pb_button][\/et_pb_column][et_pb_column type=&#8221;1_2&#8243; _builder_version=&#8221;4.21.0&#8243; _module_preset=&#8221;default&#8221; background_color=&#8221;#313453&#8243; custom_padding=&#8221;40px|50px|40px|50px|true|true&#8221; custom_padding_tablet=&#8221;60px|30px|60px|30px|true|true&#8221; custom_padding_phone=&#8221;|20px||20px|true|true&#8221; custom_padding_last_edited=&#8221;on|phone&#8221; border_radii=&#8221;on|20px|20px|20px|20px&#8221; global_colors_info=&#8221;{}&#8221;][et_pb_image src=&#8221;https:\/\/unitedlove.markokisa.com\/wp-content\/uploads\/2023\/05\/illustration-02.png&#8221; title_text=&#8221;illustration-02&#8243; align=&#8221;center&#8221; _builder_version=&#8221;4.16&#8243; _module_preset=&#8221;default&#8221; global_colors_info=&#8221;{}&#8221;][\/et_pb_image][et_pb_text _builder_version=&#8221;4.27.3&#8243; _module_preset=&#8221;default&#8221; header_3_font=&#8221;Philosopher|700|||||||&#8221; header_3_text_align=&#8221;center&#8221; header_3_text_color=&#8221;#ffffff&#8221; header_3_font_size=&#8221;36px&#8221; header_4_font=&#8221;Kaushan Script||||||||&#8221; header_4_text_align=&#8221;center&#8221; header_4_text_color=&#8221;#fe7f5c&#8221; header_4_line_height=&#8221;1.8em&#8221; header_3_font_size_tablet=&#8221;28px&#8221; header_3_font_size_phone=&#8221;&#8221; header_3_font_size_last_edited=&#8221;on|phone&#8221; locked=&#8221;off&#8221; global_colors_info=&#8221;{}&#8221;]<\/p>\n<h4>Retrouve toi<\/h4>\n<h3>Prisma<\/h3>\n<p>[\/et_pb_text][et_pb_text _builder_version=&#8221;4.27.3&#8243; _module_preset=&#8221;default&#8221; text_font=&#8221;Montserrat||||||||&#8221; text_text_color=&#8221;rgba(255,255,255,0.64)&#8221; text_font_size=&#8221;16px&#8221; text_line_height=&#8221;1.8em&#8221; text_orientation=&#8221;center&#8221; width_tablet=&#8221;100%&#8221; width_last_edited=&#8221;off|desktop&#8221; text_font_size_tablet=&#8221;15px&#8221; text_font_size_phone=&#8221;14px&#8221; text_font_size_last_edited=&#8221;on|phone&#8221; locked=&#8221;off&#8221; global_colors_info=&#8221;{}&#8221;]<\/p>\n<p>\u00catre accueilli tel que tu es,<br \/>pour revenir profond\u00e9ment \u00e0 toi-m\u00eame,<br \/>habiter pleinement ce que tu traverses,<br \/>et laisser la Vie reprendre sa juste place.<\/p>\n<p>\u00c0 travers un accompagnement sensitif, \u00e9nerg\u00e9tique et connect\u00e9, je t\u2019accompagne \u00e0 reconna\u00eetre tes couleurs et le mouvement vivant de ta Vie.<\/p>\n<p>[\/et_pb_text][et_pb_button button_url=&#8221;@ET-DC@eyJkeW5hbWljIjp0cnVlLCJjb250ZW50IjoicG9zdF9saW5rX3VybF9wYWdlIiwic2V0dGluZ3MiOnsicG9zdF9pZCI6IjU2In19@&#8221; button_text=&#8221;See more&#8221; button_alignment=&#8221;center&#8221; button_alignment_tablet=&#8221;center&#8221; button_alignment_last_edited=&#8221;off|desktop&#8221; _builder_version=&#8221;4.21.0&#8243; _dynamic_attributes=&#8221;button_url&#8221; _module_preset=&#8221;default&#8221; button_icon=&#8221;&#x24;||divi||400&#8243; button_on_hover=&#8221;off&#8221; custom_margin_last_edited=&#8221;off|phone&#8221; custom_padding=&#8221;15px|30px|15px|30px|true|true&#8221; locked=&#8221;off&#8221; global_colors_info=&#8221;{}&#8221;][\/et_pb_button][\/et_pb_column][\/et_pb_row][\/et_pb_section][et_pb_section fb_built=&#8221;1&#8243; admin_label=&#8221;Footer&#8221; _builder_version=&#8221;4.27.3&#8243; _module_preset=&#8221;default&#8221; background_color=&#8221;#313453&#8243; background_image=&#8221;https:\/\/unitedlove.markokisa.com\/wp-content\/uploads\/2023\/05\/illustration-04.png&#8221; background_enable_image=&#8221;off&#8221; background_size=&#8221;initial&#8221; custom_margin=&#8221;80px||||false|false&#8221; global_module=&#8221;217&#8243; saved_tabs=&#8221;all&#8221; locked=&#8221;off&#8221; global_colors_info=&#8221;{}&#8221;][et_pb_row column_structure=&#8221;1_3,1_3,1_3&#8243; _builder_version=&#8221;4.16&#8243; _module_preset=&#8221;default&#8221; global_colors_info=&#8221;{}&#8221;][et_pb_column type=&#8221;1_3&#8243; _builder_version=&#8221;4.16&#8243; _module_preset=&#8221;default&#8221; border_width_right=&#8221;1px&#8221; border_color_right=&#8221;#ded6ce&#8221; border_width_right_tablet=&#8221;0px&#8221; border_width_right_phone=&#8221;&#8221; border_width_right_last_edited=&#8221;on|phone&#8221; global_colors_info=&#8221;{}&#8221;][\/et_pb_column][et_pb_column type=&#8221;1_3&#8243; _builder_version=&#8221;4.16&#8243; _module_preset=&#8221;default&#8221; border_width_right=&#8221;1px&#8221; border_color_right=&#8221;#ded6ce&#8221; border_width_right_tablet=&#8221;0px&#8221; border_width_right_phone=&#8221;&#8221; border_width_right_last_edited=&#8221;on|phone&#8221; global_colors_info=&#8221;{}&#8221;][et_pb_blurb title=&#8221;social media&#8221; _builder_version=&#8221;4.16&#8243; _module_preset=&#8221;default&#8221; header_font=&#8221;Montserrat|500||on|||||&#8221; header_text_color=&#8221;#fe7f5c&#8221; header_font_size=&#8221;10px&#8221; header_letter_spacing=&#8221;4px&#8221; body_font=&#8221;Philosopher||||||||&#8221; body_text_color=&#8221;#fcf3e4&#8243; body_font_size=&#8221;20px&#8221; text_orientation=&#8221;center&#8221; locked=&#8221;off&#8221; global_colors_info=&#8221;{}&#8221;][\/et_pb_blurb][et_pb_social_media_follow icon_color=&#8221;#d7e1f3&#8243; _builder_version=&#8221;4.21.0&#8243; _module_preset=&#8221;default&#8221; text_orientation=&#8221;center&#8221; custom_margin=&#8221;-30px||||false|false&#8221; global_colors_info=&#8221;{}&#8221;][et_pb_social_media_follow_network social_network=&#8221;instagram&#8221; _builder_version=&#8221;4.21.0&#8243; _module_preset=&#8221;default&#8221; background_enable_color=&#8221;off&#8221; global_colors_info=&#8221;{}&#8221; follow_button=&#8221;off&#8221; url_new_window=&#8221;on&#8221;]instagram[\/et_pb_social_media_follow_network][et_pb_social_media_follow_network social_network=&#8221;facebook&#8221; url=&#8221;https:\/\/www.facebook.com\/guillaume.leme\/&#8221; _builder_version=&#8221;4.21.0&#8243; _module_preset=&#8221;default&#8221; background_enable_color=&#8221;off&#8221; global_colors_info=&#8221;{}&#8221; follow_button=&#8221;off&#8221; url_new_window=&#8221;on&#8221;]facebook[\/et_pb_social_media_follow_network][et_pb_social_media_follow_network social_network=&#8221;youtube&#8221; url=&#8221;https:\/\/www.youtube.com\/channel\/UCXzAnYEwLfBlyfhkZP2-1jQ&#8221; _builder_version=&#8221;4.21.0&#8243; _module_preset=&#8221;default&#8221; background_enable_color=&#8221;off&#8221; global_colors_info=&#8221;{}&#8221; follow_button=&#8221;off&#8221; url_new_window=&#8221;on&#8221;]youtube[\/et_pb_social_media_follow_network][\/et_pb_social_media_follow][\/et_pb_column][et_pb_column type=&#8221;1_3&#8243; _builder_version=&#8221;4.16&#8243; _module_preset=&#8221;default&#8221; global_colors_info=&#8221;{}&#8221;][\/et_pb_column][\/et_pb_row][\/et_pb_section]<\/p>","protected":false},"excerpt":{"rendered":"<p>My StoryUnderstanding the world, having a reason for being, feeling included\u2026 These few themes, and many others, have run through my life since adolescence.For a long time, I felt like an astronaut in space, like a stranger on Earth, without bearings.Extremely sensitive from a very young age, I wanted to make sense of what I [&hellip;]<\/p>","protected":false},"author":2,"featured_media":0,"parent":0,"menu_order":2,"comment_status":"closed","ping_status":"closed","template":"","meta":{"_et_pb_use_builder":"on","_et_pb_old_content":"","_et_gb_content_width":"","footnotes":""},"class_list":["post-77","page","type-page","status-publish","hentry"],"_links":{"self":[{"href":"https:\/\/unitedlove.net\/fr\/wp-json\/wp\/v2\/pages\/77","targetHints":{"allow":["GET"]}}],"collection":[{"href":"https:\/\/unitedlove.net\/fr\/wp-json\/wp\/v2\/pages"}],"about":[{"href":"https:\/\/unitedlove.net\/fr\/wp-json\/wp\/v2\/types\/page"}],"author":[{"embeddable":true,"href":"https:\/\/unitedlove.net\/fr\/wp-json\/wp\/v2\/users\/2"}],"replies":[{"embeddable":true,"href":"https:\/\/unitedlove.net\/fr\/wp-json\/wp\/v2\/comments?post=77"}],"version-history":[{"count":20,"href":"https:\/\/unitedlove.net\/fr\/wp-json\/wp\/v2\/pages\/77\/revisions"}],"predecessor-version":[{"id":1578,"href":"https:\/\/unitedlove.net\/fr\/wp-json\/wp\/v2\/pages\/77\/revisions\/1578"}],"wp:attachment":[{"href":"https:\/\/unitedlove.net\/fr\/wp-json\/wp\/v2\/media?parent=77"}],"curies":[{"name":"wp","href":"https:\/\/api.w.org\/{rel}","templated":true}]}}